{"id":335,"date":"2026-03-31T11:03:48","date_gmt":"2026-03-31T09:03:48","guid":{"rendered":"https:\/\/stein.pl\/?page_id=335"},"modified":"2026-03-31T11:05:08","modified_gmt":"2026-03-31T09:05:08","slug":"impressum","status":"publish","type":"page","link":"https:\/\/stein.pl\/pl\/impressum\/","title":{"rendered":"Impressum"},"content":{"rendered":"<section class=\"bde-section-335-100 bde-section\">\n  \n  \n\t\n\n\n\n<div class=\"section-container\"><div class=\"bde-rich-text-335-101 bde-rich-text breakdance-rich-text-styles\">\n<p><strong>Impressum<\/strong><\/p><p>Angaben gem\u00e4\u00df \u00a7 5 DDG<\/p><p>Firma STEIN \u2013 Mateusz Zubel<br \/>Bia\u0142a 9<br \/>58-424 Pisarzowice<br \/>Polen<\/p><p>Kontakt<br \/>Telefon: +48 663 898 800<br \/>E-Mail: stein@stein.pl<\/p><p>Umsatzsteuer-Identifikationsnummer gem\u00e4\u00df \u00a7 27a UStG:<br \/>PL6141553230<\/p>\n<\/div><\/div>\n<\/section>","protected":false},"excerpt":{"rendered":"<p>ImpressumAngaben gem\u00e4\u00df \u00a7 5 DDGFirma STEIN \u2013 Mateusz ZubelBia\u0142a 958-424 PisarzowicePolenKontaktTelefon: +48 663 898 800E-Mail: stein@stein.plUmsatzsteuer-Identifikationsnummer gem\u00e4\u00df \u00a7 27a UStG:PL6141553230<\/p>","protected":false},"author":1,"featured_media":0,"parent":0,"menu_order":0,"comment_status":"closed","ping_status":"closed","template":"","meta":{"_breakdance_hide_in_design_set":false,"_breakdance_tags":"","footnotes":""},"class_list":["post-335","page","type-page","status-publish","hentry"],"_links":{"self":[{"href":"https:\/\/stein.pl\/pl\/wp-json\/wp\/v2\/pages\/335","targetHints":{"allow":["GET"]}}],"collection":[{"href":"https:\/\/stein.pl\/pl\/wp-json\/wp\/v2\/pages"}],"about":[{"href":"https:\/\/stein.pl\/pl\/wp-json\/wp\/v2\/types\/page"}],"author":[{"embeddable":true,"href":"https:\/\/stein.pl\/pl\/wp-json\/wp\/v2\/users\/1"}],"replies":[{"embeddable":true,"href":"https:\/\/stein.pl\/pl\/wp-json\/wp\/v2\/comments?post=335"}],"version-history":[{"count":2,"href":"https:\/\/stein.pl\/pl\/wp-json\/wp\/v2\/pages\/335\/revisions"}],"predecessor-version":[{"id":337,"href":"https:\/\/stein.pl\/pl\/wp-json\/wp\/v2\/pages\/335\/revisions\/337"}],"wp:attachment":[{"href":"https:\/\/stein.pl\/pl\/wp-json\/wp\/v2\/media?parent=335"}],"curies":[{"name":"wp","href":"https:\/\/api.w.org\/{rel}","templated":true}]}}