{"id":309,"date":"2026-03-30T12:39:36","date_gmt":"2026-03-30T10:39:36","guid":{"rendered":"https:\/\/stein.pl\/?page_id=309"},"modified":"2026-03-31T13:02:26","modified_gmt":"2026-03-31T11:02:26","slug":"kontakt","status":"publish","type":"page","link":"https:\/\/stein.pl\/pl\/kontakt\/","title":{"rendered":"Kontakt"},"content":{"rendered":"<section class=\"bde-section-309-100 bde-section\">\n  \n  \n\t\n\n\n\n<div class=\"section-container\"><div class=\"bde-columns-309-101 bde-columns\"><div class=\"bde-column-309-102 bde-column\">\n  \n  \n\t\n\n\n\n<h1 class=\"bde-heading-309-104 bde-heading\">\nKontakt\n<\/h1><div class=\"bde-rich-text-309-105 bde-rich-text breakdance-rich-text-styles\">\n<p>Sie erreichen uns telefonisch oder per E-Mail.<\/p>\n<\/div>\n<\/div><div class=\"bde-column-309-103 bde-column\">\n  \n  \n\t\n\n\n\n<div class=\"bde-rich-text-309-106 bde-rich-text breakdance-rich-text-styles\">\n<ul>\n  <li>Firma STEIN - Mateusz Zubel<br>Strasse: Bia\u0142a 9, 58-424 Pisarzowice, Polen<\/li>\n  <li>\n    <a href=\"tel:+48663898800\">tel. +48 663 898 800<\/a>\n    oder\n    <a href=\"https:\/\/wa.me\/48663898800\" target=\"_blank\" rel=\"noopener noreferrer\">WhatsApp<\/a>\n  <\/li>\n  <li>F\u00fcr projektbezogene Anfragen k\u00f6nnen Sie auch unser <strong>Anfrageformular<\/strong> nutzen.<\/li>\n<\/ul>\n<\/div>\n<\/div><\/div><\/div>\n<\/section>","protected":false},"excerpt":{"rendered":"<p>Kontakt Sie erreichen uns telefonisch oder per E-Mail. Firma STEIN &#8211; Mateusz ZubelStrasse: Bia\u0142a 9, 58-424 Pisarzowice, Polen tel. +48 663 898 800 oder WhatsApp F\u00fcr projektbezogene Anfragen k\u00f6nnen Sie auch unser Anfrageformular nutzen.<\/p>","protected":false},"author":1,"featured_media":0,"parent":0,"menu_order":0,"comment_status":"closed","ping_status":"closed","template":"","meta":{"_breakdance_hide_in_design_set":false,"_breakdance_tags":"","footnotes":""},"class_list":["post-309","page","type-page","status-publish","hentry"],"_links":{"self":[{"href":"https:\/\/stein.pl\/pl\/wp-json\/wp\/v2\/pages\/309","targetHints":{"allow":["GET"]}}],"collection":[{"href":"https:\/\/stein.pl\/pl\/wp-json\/wp\/v2\/pages"}],"about":[{"href":"https:\/\/stein.pl\/pl\/wp-json\/wp\/v2\/types\/page"}],"author":[{"embeddable":true,"href":"https:\/\/stein.pl\/pl\/wp-json\/wp\/v2\/users\/1"}],"replies":[{"embeddable":true,"href":"https:\/\/stein.pl\/pl\/wp-json\/wp\/v2\/comments?post=309"}],"version-history":[{"count":5,"href":"https:\/\/stein.pl\/pl\/wp-json\/wp\/v2\/pages\/309\/revisions"}],"predecessor-version":[{"id":351,"href":"https:\/\/stein.pl\/pl\/wp-json\/wp\/v2\/pages\/309\/revisions\/351"}],"wp:attachment":[{"href":"https:\/\/stein.pl\/pl\/wp-json\/wp\/v2\/media?parent=309"}],"curies":[{"name":"wp","href":"https:\/\/api.w.org\/{rel}","templated":true}]}}