{"id":319,"date":"2026-03-31T08:18:34","date_gmt":"2026-03-31T06:18:34","guid":{"rendered":"https:\/\/stein.pl\/?page_id=319"},"modified":"2026-04-16T13:16:11","modified_gmt":"2026-04-16T11:16:11","slug":"anfrage-senden","status":"publish","type":"page","link":"https:\/\/stein.pl\/en\/anfrage-senden\/","title":{"rendered":"Anfrage Senden"},"content":{"rendered":"<section class=\"bde-section-319-100 bde-section\">\n  \n  \n\t\n\n\n\n<div class=\"section-container\"><h1 class=\"bde-heading-319-101 bde-heading\">\nAnfrage senden\n<\/h1><div class=\"bde-text-319-102 bde-text\">\nWenn Sie ein Projekt mit Naturstein planen, senden Sie uns die wichtigsten Informationen und Unterlagen. <br>So k\u00f6nnen wir Anforderungen, Ausf\u00fchrung und n\u00e4chste Schritte gezielt einsch\u00e4tzen.\n<\/div><div class=\"bde-columns-319-103 bde-columns\"><div class=\"bde-column-319-104 bde-column\">\n  \n  \n\t\n\n\n\n<div class=\"bde-rich-text-319-106 bde-rich-text breakdance-rich-text-styles\">\n<p data-start=\"5595\" data-end=\"5667\"><strong data-start=\"5614\" data-end=\"5665\">Welche Unterlagen helfen uns bei Ihrer Anfrage?<\/strong><\/p><ul data-start=\"5668\" data-end=\"5839\"><li data-section-id=\"b87jkg\" data-start=\"5668\" data-end=\"5702\">Zeichnungen, Ma\u00dfe oder Skizzen<\/li><li data-section-id=\"p2hjns\" data-start=\"5703\" data-end=\"5750\">Fotos des Projekts oder der Einbausituation<\/li><li data-section-id=\"9l38nm\" data-start=\"5751\" data-end=\"5787\">Angaben zu gew\u00fcnschten Elementen<\/li><li data-section-id=\"njkoh2\" data-start=\"5788\" data-end=\"5839\">Hinweise zu besonderen Anforderungen oder Details<\/li><\/ul>\n<\/div><div class=\"bde-fancy-divider-319-114 bde-fancy-divider\">\n\n\n<div class=\"bde-fancy-divider__wrapper\">\n  <div class=\"bde-fancy-divider__separator   \">\n  \t  <\/div>\n<\/div>\n\n<\/div><div class=\"bde-rich-text-319-111 bde-rich-text breakdance-rich-text-styles\">\n<p>Sie erreichen uns auch <br \/>telefonisch oder per E-Mail.<\/p>\n<\/div><div class=\"bde-rich-text-319-113 bde-rich-text breakdance-rich-text-styles\">\n<ul><li><a href=\"mailto:stein@stein.pl\">stein@stein.pl<\/a><\/li><li><a href=\"tel:+48663898800\">tel. +48 663 898 800<\/a> oder <a href=\"https:\/\/wa.me\/48663898800\" target=\"_blank\" rel=\"noopener noreferrer\">WhatsApp<\/a><\/li><\/ul>\n<\/div>\n<\/div><div class=\"bde-column-319-105 bde-column\">\n  \n  \n\t\n\n\n\n<div class=\"bde-form-builder-319-107 bde-form-builder\">\n\n<form id=\"contact-form107\" class=\"breakdance-form breakdance-form--vertical\" data-options=\"{&quot;slug&quot;:&quot;custom&quot;,&quot;name&quot;:&quot;Contact Form&quot;,&quot;ajaxUrl&quot;:&quot;https:\\\/\\\/stein.pl\\\/wp-admin\\\/admin-ajax.php&quot;,&quot;clearOnSuccess&quot;:true,&quot;hideOnSuccess&quot;:false,&quot;successMessage&quot;:&quot;Ihre Nachricht ist eingegangen!&quot;,&quot;errorMessage&quot;:&quot;Ihre Nachricht konnte nicht gesendet werden.&quot;,&quot;redirect&quot;:false,&quot;redirectUrl&quot;:&quot;&quot;,&quot;customJavaScript&quot;:&quot;&quot;,&quot;recaptcha&quot;:{&quot;key&quot;:&quot;6LceLZ8sAAAAAMAttfku1O4Y0XsgWVVoOYS3ESGk&quot;,&quot;enabled&quot;:true},&quot;honeypot_enabled&quot;:true,&quot;popupsOnSuccess&quot;:[],&quot;popupsOnError&quot;:[]}\" data-steps=\"0\" >\n  \n  \n  \n<div class=\"breakdance-form-field breakdance-form-field--text\" >\n    \n    \n            <label class=\"breakdance-form-field__label\" for=\"name\">\n            Name oder Firma<span class=\"breakdance-form-field__required\">*<\/span>\n        <\/label>\n    \n    <input\n    class=\"breakdance-form-field__input\"\n    id=\"name\"\n    aria-describedby=\"name\"\n    type=\"text\"\n    name=\"fields[name]\"\n    placeholder=\"\"\n    value=\"\"\n                \n        \n        \n    required\n    \n    \n    \n    \n    \n>\n\n\n    \n    \n<\/div>\n\n\n<div class=\"breakdance-form-field breakdance-form-field--email\" >\n    \n    \n            <label class=\"breakdance-form-field__label\" for=\"email\">\n            E-mail<span class=\"breakdance-form-field__required\">*<\/span>\n        <\/label>\n    \n    <input\n    class=\"breakdance-form-field__input\"\n    id=\"email\"\n    aria-describedby=\"email\"\n    type=\"email\"\n    name=\"fields[email]\"\n    placeholder=\"\"\n    value=\"\"\n                \n        \n        \n    required\n    \n    \n    \n    \n    \n>\n\n\n    \n    \n<\/div>\n\n\n<div class=\"breakdance-form-field breakdance-form-field--tel\" >\n    \n    \n            <label class=\"breakdance-form-field__label\" for=\"telefon\">\n            Telefon<span class=\"breakdance-form-field__required\">*<\/span>\n        <\/label>\n    \n    <input\n    class=\"breakdance-form-field__input\"\n    id=\"telefon\"\n    aria-describedby=\"telefon\"\n    type=\"tel\"\n    name=\"fields[telefon]\"\n    placeholder=\"\"\n    value=\"\"\n                \n        \n        \n    required\n    \n    \n    \n    \n    \n>\n\n\n    \n    \n<\/div>\n\n\n<div class=\"breakdance-form-field breakdance-form-field--text\" >\n    \n    \n            <label class=\"breakdance-form-field__label\" for=\"betreff\">\n            Betreff\n        <\/label>\n    \n    <input\n    class=\"breakdance-form-field__input\"\n    id=\"betreff\"\n    aria-describedby=\"betreff\"\n    type=\"text\"\n    name=\"fields[betreff]\"\n    placeholder=\"\"\n    value=\"\"\n                \n        \n        \n    \n    \n    \n    \n    \n    \n>\n\n\n    \n    \n<\/div>\n\n\n<div class=\"breakdance-form-field breakdance-form-field--textarea\" >\n    \n    \n            <label class=\"breakdance-form-field__label\" for=\"nachricht\">\n            Nachricht\n        <\/label>\n    \n    <textarea\n    class=\"breakdance-form-field__input\"\n    id=\"nachricht\"\n    aria-describedby=\"nachricht\"\n    type=\"textarea\"\n    name=\"fields[nachricht]\"\n        placeholder=\"\"\n    \n    \n    \n    >\n<\/textarea>\n\n\n    \n    \n<\/div>\n\n\n<div class=\"breakdance-form-field breakdance-form-field--file\" >\n    \n    \n            <label class=\"breakdance-form-field__label\" for=\"upload\">\n            Projektunterlagen hochladen (Sie m\u00f6chten mehrere Dateien hochladen? Bitte markieren Sie diese im Dateifenster gleichzeitig oder ziehen Sie mehrere Dateien gemeinsam in das Upload-Feld.)\n        <\/label>\n    \n    <label for=\"upload\" class=\"breakdance-form-file-upload breakdance-form-file-upload--draggable\">\n\n            <span class=\"breakdance-form-dropzone\" tabindex=\"0\">\n            <svg class=\"breakdance-form-dropzone__icon\" width=\"48\" stroke=\"currentColor\" fill=\"none\" viewBox=\"0 0 48 48\" aria-hidden=\"true\">\n                <path d=\"M28 8H12a4 4 0 00-4 4v20m32-12v8m0 0v8a4 4 0 01-4 4H12a4 4 0 01-4-4v-4m32-4l-3.172-3.172a4 4 0 00-5.656 0L28 28M8 32l9.172-9.172a4 4 0 015.656 0L28 28m0 0l4 4m4-24h8m-4-4v8m-12 4h.02\" stroke-width=\"2\" stroke-linecap=\"round\" stroke-linejoin=\"round\"><\/path>\n            <\/svg>\n\n            <span class=\"breakdance-form-dropzone__title\">\n                <span>Upload a file<\/span> or drag and drop.\n            <\/span>\n            <span class=\"breakdance-form-dropzone__accepts\">\n                              jpg, jpeg, jpe, png, tiff, tif, pdf, zip, gz, gzip, tar, rar, 7z, psd, doc, docx, docm, dotx, dotm, bmp\n                            up to 10MB\n            <\/span>\n        <\/span>\n    \n    <input\n        id=\"upload\"\n        name=\"fields[upload][]\"\n        type=\"file\"\n        class=\"breakdance-form-file-upload__input\"\n        accept=\"image\/jpeg,image\/png,image\/tiff,application\/pdf,application\/zip,application\/x-gzip,application\/x-tar,application\/rar,application\/x-7z-compressed,application\/octet-stream,application\/msword,application\/vnd.openxmlformats-officedocument.wordprocessingml.document,application\/vnd.ms-word.document.macroEnabled.12,application\/vnd.openxmlformats-officedocument.wordprocessingml.template,application\/vnd.ms-word.template.macroEnabled.12,image\/bmp\"\n        multiple\n        \n        \n                data-max-files=\"5\"\n        data-i18n-empty-text=\"No file chosen\"\n        data-i18n-filled-text=\"%n files\"\n        data-i18n-error-text=\"Only %n file(s) allowed.\"\n    >\n<\/label>\n\n    <ul class=\"breakdance-form-files-list\"><\/ul>\n\n\n    \n    \n<\/div>\n\n\n<div class=\"breakdance-form-field breakdance-form-field--checkbox\" >\n    \n    \n    \n    <fieldset role=\"group\"\n    aria-label=\"Checkbox\"\n    >\n       <legend class=\"breakdance-form-field__label\">Checkbox<span class=\"breakdance-form-field__required\">*<\/span><\/legend>\n          <div class=\"breakdance-form-checkbox\">\n          <input\n              type=\"checkbox\"\n              name=\"fields[checkbock]\"\n              value=\"privacy_accepted\"\n              id=\"checkbock-1\"\n              \n              \n                        >\n          <label class=\"breakdance-form-checkbox__text\" for=\"checkbock-1\">Die von Ihnen \u00fcbermittelten Daten verarbeiten wir ausschlie\u00dflich zur Bearbeitung Ihrer Anfrage. Weitere Informationen finden Sie in unserer Datenschutzerkl\u00e4rung. Ich habe die Datenschutzerkl\u00e4rung zur Kenntnis genommen.<\/label>\n      <\/div>\n  <\/fieldset>\n\n\n\n    \n    \n<\/div>\n\n\n<div class=\"breakdance-form-field breakdance-form-field--hpinput\" >\n    \n    \n            <label class=\"breakdance-form-field__label\" for=\"hpname\">\n            HP Name\n        <\/label>\n    \n    <input\n    class=\"breakdance-form-field__input\"\n    id=\"hpname\"\n    aria-describedby=\"hpname\"\n    type=\"hpinput\"\n    name=\"fields[hpname]\"\n    placeholder=\"\"\n    value=\"\"\n                \n        \n        \n    \n    autocomplete=\"off\"\n    tabindex=\"-1\"\n    \n    \n    \n>\n\n\n    \n    \n<\/div><div class=\"breakdance-form-field breakdance-form-footer\">    \n    \n    \n    \n    \n            \n            <button type=\"submit\" class=\"button-atom button-atom--primary breakdance-form-button breakdance-form-button__submit\"  >\n    \n        <span class=\"button-atom__text\">Anfrage senden<\/span>\n\n        \n        \n            <\/button>\n    \n    <input type=\"hidden\" name=\"form_id\" value=\"107\">\n    <input type=\"hidden\" name=\"post_id\" value=\"319\">\n<\/div>\n\n  \n<\/form>\n\n\n<\/div>\n<\/div><\/div><\/div>\n<\/section>","protected":false},"excerpt":{"rendered":"<p>Anfrage senden Wenn Sie ein Projekt mit Naturstein planen, senden Sie uns die wichtigsten Informationen und Unterlagen. So k\u00f6nnen wir Anforderungen, Ausf\u00fchrung und n\u00e4chste Schritte gezielt einsch\u00e4tzen. Welche Unterlagen helfen uns bei Ihrer Anfrage?Zeichnungen, Ma\u00dfe oder SkizzenFotos des Projekts oder der EinbausituationAngaben zu gew\u00fcnschten ElementenHinweise zu besonderen Anforderungen oder Details Sie erreichen uns auch telefonisch [&hellip;]<\/p>\n","protected":false},"author":1,"featured_media":0,"parent":0,"menu_order":0,"comment_status":"closed","ping_status":"closed","template":"","meta":{"_breakdance_hide_in_design_set":false,"_breakdance_tags":"","footnotes":""},"class_list":["post-319","page","type-page","status-publish","hentry"],"_links":{"self":[{"href":"https:\/\/stein.pl\/en\/wp-json\/wp\/v2\/pages\/319","targetHints":{"allow":["GET"]}}],"collection":[{"href":"https:\/\/stein.pl\/en\/wp-json\/wp\/v2\/pages"}],"about":[{"href":"https:\/\/stein.pl\/en\/wp-json\/wp\/v2\/types\/page"}],"author":[{"embeddable":true,"href":"https:\/\/stein.pl\/en\/wp-json\/wp\/v2\/users\/1"}],"replies":[{"embeddable":true,"href":"https:\/\/stein.pl\/en\/wp-json\/wp\/v2\/comments?post=319"}],"version-history":[{"count":13,"href":"https:\/\/stein.pl\/en\/wp-json\/wp\/v2\/pages\/319\/revisions"}],"predecessor-version":[{"id":428,"href":"https:\/\/stein.pl\/en\/wp-json\/wp\/v2\/pages\/319\/revisions\/428"}],"wp:attachment":[{"href":"https:\/\/stein.pl\/en\/wp-json\/wp\/v2\/media?parent=319"}],"curies":[{"name":"wp","href":"https:\/\/api.w.org\/{rel}","templated":true}]}}